{"id":30,"date":"2026-02-06T16:38:20","date_gmt":"2026-02-06T15:38:20","guid":{"rendered":"https:\/\/baselinkweb.nl\/hero\/?page_id=30"},"modified":"2026-04-21T16:23:55","modified_gmt":"2026-04-21T14:23:55","slug":"contact","status":"publish","type":"page","link":"https:\/\/propositionhero.com\/en\/contact\/","title":{"rendered":"Contact"},"content":{"rendered":"<div data-elementor-type=\"wp-page\" data-elementor-id=\"30\" class=\"elementor elementor-30\" data-elementor-post-type=\"page\">\n\t\t\t\t<div class=\"elementor-element elementor-element-8729470 grd angle-ro-gr e-flex e-con-boxed e-con e-parent\" data-id=\"8729470\" data-element_type=\"container\" data-e-type=\"container\">\n\t\t\t\t\t<div class=\"e-con-inner\">\n\t\t\t\t<div class=\"elementor-element elementor-element-e1a17a2 elementor-widget__width-initial elementor-widget elementor-widget-heading\" data-id=\"e1a17a2\" data-element_type=\"widget\" data-e-type=\"widget\" data-widget_type=\"heading.default\">\n\t\t\t\t\t<h1 class=\"elementor-heading-title elementor-size-default\">Ready to sharpen your strategy?<\/h1>\t\t\t\t<\/div>\n\t\t\t\t\t<\/div>\n\t\t\t\t<\/div>\n\t\t<div class=\"elementor-element elementor-element-34c87bd angle-ro-m-alt e-flex e-con-boxed e-con e-parent\" data-id=\"34c87bd\" data-element_type=\"container\" data-e-type=\"container\" data-settings=\"{&quot;background_background&quot;:&quot;classic&quot;}\">\n\t\t\t\t\t<div class=\"e-con-inner\">\n\t\t\t\t<div class=\"elementor-element elementor-element-a31c65f elementor-widget__width-initial elementor-widget-tablet__width-inherit elementor-widget elementor-widget-text-editor\" data-id=\"a31c65f\" data-element_type=\"widget\" data-e-type=\"widget\" data-widget_type=\"text-editor.default\">\n\t\t\t\t\t\t\t\t\t<h2 class=\"accent\">Plan an <span class=\"bld\">introduction<\/span><\/h2><p>A super-clear market strategy begins with one good conversation. Not about everything, but about what truly matters: your ambitions, your offering, your market, and the choices that will make a difference.<\/p><p>Whether you're stuck in your focus, feel your offering could be sharper, or have an idea that deserves more than just casual testing, let's see if we can build something together that works.<\/p><p><a class=\"elementor-button blw\" href=\"https:\/\/cal.com\/vitaskersbergen\/meeting-website\" target=\"_blank\" rel=\"noopener\"><span class=\"elementor-button-text\">Set a meeting<\/span><\/a><\/p>\t\t\t\t\t\t\t\t<\/div>\n\t\t\t\t<div class=\"elementor-element elementor-element-b1ab688 angle-dbl-lr elementor-widget elementor-widget-image\" data-id=\"b1ab688\" data-element_type=\"widget\" data-e-type=\"widget\" data-widget_type=\"image.default\">\n\t\t\t\t\t\t\t\t\t\t\t\t\t\t\t<img fetchpriority=\"high\" decoding=\"async\" width=\"540\" height=\"362\" src=\"https:\/\/propositionhero.com\/wp-content\/uploads\/2026\/02\/Plan-een-kennismaking.webp\" class=\"attachment-full size-full wp-image-2707\" alt=\"\" srcset=\"https:\/\/propositionhero.com\/wp-content\/uploads\/2026\/02\/Plan-een-kennismaking.webp 540w, https:\/\/propositionhero.com\/wp-content\/uploads\/2026\/02\/Plan-een-kennismaking-300x201.png 300w, https:\/\/propositionhero.com\/wp-content\/uploads\/2026\/02\/Plan-een-kennismaking-18x12.png 18w\" sizes=\"(max-width: 540px) 100vw, 540px\" \/>\t\t\t\t\t\t\t\t\t\t\t\t\t\t\t<\/div>\n\t\t\t\t\t<\/div>\n\t\t\t\t<\/div>\n\t\t<div class=\"elementor-element elementor-element-5aa40a5 e-flex e-con-boxed e-con e-parent\" data-id=\"5aa40a5\" data-element_type=\"container\" data-e-type=\"container\" data-settings=\"{&quot;background_background&quot;:&quot;classic&quot;}\">\n\t\t\t\t\t<div class=\"e-con-inner\">\n\t\t\t\t<div class=\"elementor-element elementor-element-15eebb0 elementor-widget__width-initial angle-ro-m-alt-2 elementor-widget elementor-widget-text-editor\" data-id=\"15eebb0\" data-element_type=\"widget\" data-e-type=\"widget\" data-widget_type=\"text-editor.default\">\n\t\t\t\t\t\t\t\t\t<h2 class=\"wt\">See you <span class=\"bld grn\">in<\/span>?<\/h2><p>You'll find Proposition Hero right in the heart of Rotterdam:<br \/><strong>Microlab, Aert van Nesstraat 45, Rotterdam.<\/strong><\/p><p>Do make an appointment first, otherwise you'll just be standing in front of a closed door.<\/p><p><a class=\"elementor-button grn\" href=\"https:\/\/www.google.com\/maps\/place\/Proposition+Hero\/@51.921412,4.4748317,17z\/data=!3m1!4b1!4m6!3m5!1s0x47c434afa180806d:0xdd51721244c804c1!8m2!3d51.921412!4d4.477412!16s%2Fg%2F11g6xqyhgf?entry=ttu&amp;g_ep=EgoyMDI2MDMxMS4wIKXMDSoASAFQAw%3D%3D\" target=\"_blank\" rel=\"noopener\"><span class=\"elementor-button-text\">Route<\/span><\/a><\/p>\t\t\t\t\t\t\t\t<\/div>\n\t\t\t\t\t<\/div>\n\t\t\t\t<\/div>\n\t\t\t\t<\/div>","protected":false},"excerpt":{"rendered":"<p>Klaar om scherp te stellen? Plan een kennismaking Een superheldere marktstrategie begint met \u00e9\u00e9n goed gesprek. Niet over alles, maar over wat er \u00e9cht toe doet: jouw ambities, aanbod, jouw markt en de keuzes die het verschil gaan maken. Of je nu vastloopt in focus, voelt dat je aanbod scherper kan, of een idee hebt [&hellip;]<\/p>\n","protected":false},"author":1,"featured_media":0,"parent":0,"menu_order":0,"comment_status":"closed","ping_status":"closed","template":"","meta":{"footnotes":""},"class_list":["post-30","page","type-page","status-publish","hentry"],"yoast_head":"<!-- This site is optimized with the Yoast SEO Premium plugin v27.4 (Yoast SEO v27.4) - https:\/\/yoast.com\/product\/yoast-seo-premium-wordpress\/ -->\n<title>Contact - Proposition Hero<\/title>\n<meta name=\"robots\" content=\"index, follow, max-snippet:-1, max-image-preview:large, max-video-preview:-1\" \/>\n<link rel=\"canonical\" href=\"https:\/\/propositionhero.com\/en\/contact\/\" \/>\n<meta property=\"og:locale\" content=\"en_GB\" \/>\n<meta property=\"og:type\" content=\"article\" \/>\n<meta property=\"og:title\" content=\"Contact Proposition Hero\" \/>\n<meta property=\"og:description\" content=\"Proposition Hero voor een superheldere marktstrategie - Contact\" \/>\n<meta property=\"og:url\" content=\"https:\/\/propositionhero.com\/en\/contact\/\" \/>\n<meta property=\"og:site_name\" content=\"Proposition Hero\" \/>\n<meta property=\"article:modified_time\" content=\"2026-04-21T14:23:55+00:00\" \/>\n<meta property=\"og:image\" content=\"https:\/\/propositionhero.com\/wp-content\/uploads\/2026\/02\/Plan-een-kennismaking.webp\" \/>\n\t<meta property=\"og:image:width\" content=\"540\" \/>\n\t<meta property=\"og:image:height\" content=\"362\" \/>\n\t<meta property=\"og:image:type\" content=\"image\/webp\" \/>\n<meta name=\"twitter:card\" content=\"summary_large_image\" \/>\n<meta name=\"twitter:label1\" content=\"Estimated reading time\" \/>\n\t<meta name=\"twitter:data1\" content=\"1 minute\" \/>\n<script type=\"application\/ld+json\" class=\"yoast-schema-graph\">{\"@context\":\"https:\\\/\\\/schema.org\",\"@graph\":[{\"@type\":\"WebPage\",\"@id\":\"https:\\\/\\\/propositionhero.com\\\/contact\\\/\",\"url\":\"https:\\\/\\\/propositionhero.com\\\/contact\\\/\",\"name\":\"Contact - Proposition Hero\",\"isPartOf\":{\"@id\":\"https:\\\/\\\/propositionhero.com\\\/#website\"},\"primaryImageOfPage\":{\"@id\":\"https:\\\/\\\/propositionhero.com\\\/contact\\\/#primaryimage\"},\"image\":{\"@id\":\"https:\\\/\\\/propositionhero.com\\\/contact\\\/#primaryimage\"},\"thumbnailUrl\":\"https:\\\/\\\/propositionhero.com\\\/wp-content\\\/uploads\\\/2026\\\/02\\\/Plan-een-kennismaking.webp\",\"datePublished\":\"2026-02-06T15:38:20+00:00\",\"dateModified\":\"2026-04-21T14:23:55+00:00\",\"breadcrumb\":{\"@id\":\"https:\\\/\\\/propositionhero.com\\\/contact\\\/#breadcrumb\"},\"inLanguage\":\"en-GB\",\"potentialAction\":[{\"@type\":\"ReadAction\",\"target\":[\"https:\\\/\\\/propositionhero.com\\\/contact\\\/\"]}]},{\"@type\":\"ImageObject\",\"inLanguage\":\"en-GB\",\"@id\":\"https:\\\/\\\/propositionhero.com\\\/contact\\\/#primaryimage\",\"url\":\"https:\\\/\\\/propositionhero.com\\\/wp-content\\\/uploads\\\/2026\\\/02\\\/Plan-een-kennismaking.webp\",\"contentUrl\":\"https:\\\/\\\/propositionhero.com\\\/wp-content\\\/uploads\\\/2026\\\/02\\\/Plan-een-kennismaking.webp\"},{\"@type\":\"BreadcrumbList\",\"@id\":\"https:\\\/\\\/propositionhero.com\\\/contact\\\/#breadcrumb\",\"itemListElement\":[{\"@type\":\"ListItem\",\"position\":1,\"name\":\"Home\",\"item\":\"https:\\\/\\\/propositionhero.com\\\/\"},{\"@type\":\"ListItem\",\"position\":2,\"name\":\"Contact\"}]},{\"@type\":\"WebSite\",\"@id\":\"https:\\\/\\\/propositionhero.com\\\/#website\",\"url\":\"https:\\\/\\\/propositionhero.com\\\/\",\"name\":\"Proposition Hero\",\"description\":\"voor een superheldere marktstrategie\",\"publisher\":{\"@id\":\"https:\\\/\\\/propositionhero.com\\\/#organization\"},\"potentialAction\":[{\"@type\":\"SearchAction\",\"target\":{\"@type\":\"EntryPoint\",\"urlTemplate\":\"https:\\\/\\\/propositionhero.com\\\/?s={search_term_string}\"},\"query-input\":{\"@type\":\"PropertyValueSpecification\",\"valueRequired\":true,\"valueName\":\"search_term_string\"}}],\"inLanguage\":\"en-GB\"},{\"@type\":\"Organization\",\"@id\":\"https:\\\/\\\/propositionhero.com\\\/#organization\",\"name\":\"Proposition Hero\",\"url\":\"https:\\\/\\\/propositionhero.com\\\/\",\"logo\":{\"@type\":\"ImageObject\",\"inLanguage\":\"en-GB\",\"@id\":\"https:\\\/\\\/propositionhero.com\\\/#\\\/schema\\\/logo\\\/image\\\/\",\"url\":\"https:\\\/\\\/propositionhero.com\\\/wp-content\\\/uploads\\\/2026\\\/04\\\/Logo-Proposition-Hero-BLW.png\",\"contentUrl\":\"https:\\\/\\\/propositionhero.com\\\/wp-content\\\/uploads\\\/2026\\\/04\\\/Logo-Proposition-Hero-BLW.png\",\"width\":908,\"height\":495,\"caption\":\"Proposition Hero\"},\"image\":{\"@id\":\"https:\\\/\\\/propositionhero.com\\\/#\\\/schema\\\/logo\\\/image\\\/\"},\"sameAs\":[\"https:\\\/\\\/www.linkedin.com\\\/company\\\/17992971\"],\"description\":\"Proposition Hero helpt tech- en impact gedreven organisaties om je ideale klant in het vizier te krijgen en een superhelder aanbod te ontwikkelen, waarmee je succesvol de markt op kan.\",\"email\":\"hallo@propositionhero.com\",\"telephone\":\"06-86602268\",\"legalName\":\"Proposition Hero\",\"foundingDate\":\"2017-01-02\",\"numberOfEmployees\":{\"@type\":\"QuantitativeValue\",\"minValue\":\"1\",\"maxValue\":\"10\"}}]}<\/script>\n<!-- \/ Yoast SEO Premium plugin. -->","yoast_head_json":{"title":"Contact - Proposition Hero","robots":{"index":"index","follow":"follow","max-snippet":"max-snippet:-1","max-image-preview":"max-image-preview:large","max-video-preview":"max-video-preview:-1"},"canonical":"https:\/\/propositionhero.com\/en\/contact\/","og_locale":"en_GB","og_type":"article","og_title":"Contact Proposition Hero","og_description":"Proposition Hero voor een superheldere marktstrategie - Contact","og_url":"https:\/\/propositionhero.com\/en\/contact\/","og_site_name":"Proposition Hero","article_modified_time":"2026-04-21T14:23:55+00:00","og_image":[{"width":540,"height":362,"url":"https:\/\/propositionhero.com\/wp-content\/uploads\/2026\/02\/Plan-een-kennismaking.webp","type":"image\/webp"}],"twitter_card":"summary_large_image","twitter_misc":{"Estimated reading time":"1 minute"},"schema":{"@context":"https:\/\/schema.org","@graph":[{"@type":"WebPage","@id":"https:\/\/propositionhero.com\/contact\/","url":"https:\/\/propositionhero.com\/contact\/","name":"Contact - Proposition Hero","isPartOf":{"@id":"https:\/\/propositionhero.com\/#website"},"primaryImageOfPage":{"@id":"https:\/\/propositionhero.com\/contact\/#primaryimage"},"image":{"@id":"https:\/\/propositionhero.com\/contact\/#primaryimage"},"thumbnailUrl":"https:\/\/propositionhero.com\/wp-content\/uploads\/2026\/02\/Plan-een-kennismaking.webp","datePublished":"2026-02-06T15:38:20+00:00","dateModified":"2026-04-21T14:23:55+00:00","breadcrumb":{"@id":"https:\/\/propositionhero.com\/contact\/#breadcrumb"},"inLanguage":"en-GB","potentialAction":[{"@type":"ReadAction","target":["https:\/\/propositionhero.com\/contact\/"]}]},{"@type":"ImageObject","inLanguage":"en-GB","@id":"https:\/\/propositionhero.com\/contact\/#primaryimage","url":"https:\/\/propositionhero.com\/wp-content\/uploads\/2026\/02\/Plan-een-kennismaking.webp","contentUrl":"https:\/\/propositionhero.com\/wp-content\/uploads\/2026\/02\/Plan-een-kennismaking.webp"},{"@type":"BreadcrumbList","@id":"https:\/\/propositionhero.com\/contact\/#breadcrumb","itemListElement":[{"@type":"ListItem","position":1,"name":"Home","item":"https:\/\/propositionhero.com\/"},{"@type":"ListItem","position":2,"name":"Contact"}]},{"@type":"WebSite","@id":"https:\/\/propositionhero.com\/#website","url":"https:\/\/propositionhero.com\/","name":"Proposition Hero","description":"supercharge your market strategy","publisher":{"@id":"https:\/\/propositionhero.com\/#organization"},"potentialAction":[{"@type":"SearchAction","target":{"@type":"EntryPoint","urlTemplate":"https:\/\/propositionhero.com\/?s={search_term_string}"},"query-input":{"@type":"PropertyValueSpecification","valueRequired":true,"valueName":"search_term_string"}}],"inLanguage":"en-GB"},{"@type":"Organization","@id":"https:\/\/propositionhero.com\/#organization","name":"Proposition Hero","url":"https:\/\/propositionhero.com\/","logo":{"@type":"ImageObject","inLanguage":"en-GB","@id":"https:\/\/propositionhero.com\/#\/schema\/logo\/image\/","url":"https:\/\/propositionhero.com\/wp-content\/uploads\/2026\/04\/Logo-Proposition-Hero-BLW.png","contentUrl":"https:\/\/propositionhero.com\/wp-content\/uploads\/2026\/04\/Logo-Proposition-Hero-BLW.png","width":908,"height":495,"caption":"Proposition Hero"},"image":{"@id":"https:\/\/propositionhero.com\/#\/schema\/logo\/image\/"},"sameAs":["https:\/\/www.linkedin.com\/company\/17992971"],"description":"Proposition Hero helps tech and impact-driven organisations to target your ideal client and develop a crystal-clear proposition, enabling you to successfully enter the market.","email":"hallo@propositionhero.com","telephone":"06-86602268","legalName":"Proposition Hero","foundingDate":"2017-01-02","numberOfEmployees":{"@type":"QuantitativeValue","minValue":"1","maxValue":"10"}}]}},"_links":{"self":[{"href":"https:\/\/propositionhero.com\/en\/wp-json\/wp\/v2\/pages\/30","targetHints":{"allow":["GET"]}}],"collection":[{"href":"https:\/\/propositionhero.com\/en\/wp-json\/wp\/v2\/pages"}],"about":[{"href":"https:\/\/propositionhero.com\/en\/wp-json\/wp\/v2\/types\/page"}],"author":[{"embeddable":true,"href":"https:\/\/propositionhero.com\/en\/wp-json\/wp\/v2\/users\/1"}],"replies":[{"embeddable":true,"href":"https:\/\/propositionhero.com\/en\/wp-json\/wp\/v2\/comments?post=30"}],"version-history":[{"count":125,"href":"https:\/\/propositionhero.com\/en\/wp-json\/wp\/v2\/pages\/30\/revisions"}],"predecessor-version":[{"id":4459,"href":"https:\/\/propositionhero.com\/en\/wp-json\/wp\/v2\/pages\/30\/revisions\/4459"}],"wp:attachment":[{"href":"https:\/\/propositionhero.com\/en\/wp-json\/wp\/v2\/media?parent=30"}],"curies":[{"name":"wp","href":"https:\/\/api.w.org\/{rel}","templated":true}]}}